{"id":21,"date":"2013-08-15T23:55:01","date_gmt":"2013-08-15T23:55:01","guid":{"rendered":"http:\/\/itq.ch\/?page_id=21"},"modified":"2021-02-23T14:35:41","modified_gmt":"2021-02-23T14:35:41","slug":"agile-dienste","status":"publish","type":"page","link":"https:\/\/itq.ch\/?page_id=21","title":{"rendered":"Agile Dienste"},"content":{"rendered":"<p>\u201eAgile\u201c ist heute als Schlagwort im Bereich der Software-Entwicklung in aller Munde. Erh\u00f6hte Kundenzufriedenheit, schnellere Auslieferung und verbesserte Kommunikation sind eng damit verbunden. Die zunehmend geforderten k\u00fcrzeren Entwicklungszyklen\u00a0der Branche sind oftmals nur mit Hilfe agiler Methoden erreichbar.<\/p>\n<p><center><strong>Wir verhelfen Ihnen zum Erfolg mit Agilen Methoden!<\/strong><\/center><\/p>\n<h2>Unsere Dienstleistungen im Bereich\u00a0Agile Methoden umfassen:<\/h2>\n<h1>Agile Beratung, Agile Coaching<\/h1>\n<p>Die Chancen einer erfolgreichen agilen Softwareimplementierung werden erh\u00f6ht, wenn Erfahrungen fr\u00fcherer Projekte in den Entwicklungsprozess einflie\u00dfen. Darum bieten wir Dienstleistungen im Bereich <strong>Agile Beratung<\/strong> und Coaching an. Agilit\u00e4t ist kein Ziel an sich, sondern ein Mittel, um Software besser und schneller zu entwickeln. Wir helfen Ihnen mehr zu erreichen. Dabei sind die agilen Prinzipien unsere Richtlinie.<\/p>\n<ul>\n<li>Individuen und Kommunikation sind wichtiger als Prozesse<\/li>\n<li>Funktionierende Software ist wichtiger als ausf\u00fchrliche Dokumentation<\/li>\n<li>Zusammenarbeit mit Kunden ist effektiver als Vertr\u00e4ge und Budgets auszuhandeln<\/li>\n<li>Agil und flexibel zu sein ist intelligenter als einem fixen Plan zu folgen<\/li>\n<\/ul>\n<h1>Agile-Check<\/h1>\n<p>Bei der Analyse zur Einf\u00fchrung agiler Methoden wird die Organisationsreife bez\u00fcglich des Einsatzes agiler Methoden ermittelt und die resultierenden m\u00f6glichen Ver\u00e4nderungen im Unternehmen werden gemeinsam mit dem Kunden erarbeitet.<\/p>\n<ul>\n<li>Analyse der aktuellen\u00a0Entwicklungsmethoden<\/li>\n<li>Analyse der Organisationsstruktur in der Entwicklung<\/li>\n<li>Erarbeitung der umzusetzenden Anpassungen<\/li>\n<\/ul>\n<h1>Manager-Seminar\u00a0\u201eAgile Entwicklung\u201c<\/h1>\n<p>Das 1-t\u00e4gige Managementseminar vermittelt Ihnen die Grundlagen, agile Techniken in ECU-Entwicklungsprojekten auf Basis von ISO 26262 aus Sicht des technischen Managements zu nutzen.<\/p>\n<ul>\n<li>Unterschiede traditionelle Entwicklung\/agile Entwicklung<\/li>\n<li>Herausforderung: agiles F\u00fchrungsverhalten<\/li>\n<li>Organisatorische Voraussetzung zur Einf\u00fchrung agiler Methoden<\/li>\n<li>Vorschl\u00e4ge zur Vorgehensweise bei der Einf\u00fchrung<\/li>\n<\/ul>\n<h1>Integration agiler Methoden<\/h1>\n<p>Agile Entwicklungsmethoden werden in bestehende Prozesse, Strukturen, Vorgehen und Standards integriert. Das Vorgehen f\u00fcr ein organisationsweites Rollout wird durch unsere Erfahrung und unser Expertenwissen unterst\u00fctzt und nachhaltig in der Organisation (durch Training, Coaching, Anpassung der Prozesse und Werk-zeuge) verankert.<\/p>\n<p>Hohe fachliche Expertise, Branchen-Know-how sowie langj\u00e4hrige Praxiserfahrung sind die Basis unserer erfolgreichen Arbeit. Doch noch wichtiger sind f\u00fcr uns gegenseitiges Vertrauen und Respekt in unseren langfristigen Kundenbeziehungen. So schaffen wir einen Rahmen, in dem jeder sein Potenzial aussch\u00f6pfen kann. Nur so k\u00f6nnen wir voneinander lernen und miteinander wachsen.<\/p>\n","protected":false},"excerpt":{"rendered":"<p>\u201eAgile\u201c ist heute als Schlagwort im Bereich der Software-Entwicklung in aller Munde. Erh\u00f6hte Kundenzufriedenheit, schnellere Auslieferung und verbesserte Kommunikation sind eng damit verbunden. Die zunehmend geforderten k\u00fcrzeren Entwicklungszyklen\u00a0der Branche sind oftmals nur mit Hilfe agiler Methoden erreichbar. Wir verhelfen Ihnen &hellip; <a href=\"https:\/\/itq.ch\/?page_id=21\">Weiterlesen <span class=\"meta-nav\">&rarr;<\/span><\/a><\/p>\n","protected":false},"author":1,"featured_media":0,"parent":18,"menu_order":0,"comment_status":"closed","ping_status":"open","template":"","meta":{"footnotes":""},"class_list":["post-21","page","type-page","status-publish","hentry"],"_links":{"self":[{"href":"https:\/\/itq.ch\/index.php?rest_route=\/wp\/v2\/pages\/21","targetHints":{"allow":["GET"]}}],"collection":[{"href":"https:\/\/itq.ch\/index.php?rest_route=\/wp\/v2\/pages"}],"about":[{"href":"https:\/\/itq.ch\/index.php?rest_route=\/wp\/v2\/types\/page"}],"author":[{"embeddable":true,"href":"https:\/\/itq.ch\/index.php?rest_route=\/wp\/v2\/users\/1"}],"replies":[{"embeddable":true,"href":"https:\/\/itq.ch\/index.php?rest_route=%2Fwp%2Fv2%2Fcomments&post=21"}],"version-history":[{"count":11,"href":"https:\/\/itq.ch\/index.php?rest_route=\/wp\/v2\/pages\/21\/revisions"}],"predecessor-version":[{"id":492,"href":"https:\/\/itq.ch\/index.php?rest_route=\/wp\/v2\/pages\/21\/revisions\/492"}],"up":[{"embeddable":true,"href":"https:\/\/itq.ch\/index.php?rest_route=\/wp\/v2\/pages\/18"}],"wp:attachment":[{"href":"https:\/\/itq.ch\/index.php?rest_route=%2Fwp%2Fv2%2Fmedia&parent=21"}],"curies":[{"name":"wp","href":"https:\/\/api.w.org\/{rel}","templated":true}]}}