{"id":26,"date":"2013-08-15T23:57:10","date_gmt":"2013-08-15T23:57:10","guid":{"rendered":"http:\/\/itq.ch\/?page_id=26"},"modified":"2025-09-25T18:19:27","modified_gmt":"2025-09-25T18:19:27","slug":"success-driver-analysis","status":"publish","type":"page","link":"https:\/\/itq.ch\/?page_id=26","title":{"rendered":"Success Driver Analysis"},"content":{"rendered":"<h1>Success Driver Analysis (SDA)\u00a0f\u00fcr Organisations- und Informatikprojekte<\/h1>\n<p>Mit zunehmender Gr\u00f6sse und Komplexit\u00e4t von Projekten und Programmen tauchen vermehrt Unsicherheiten auf dem Weg zum Ziel auf. Damit w\u00e4chst auch die Bedeutung, die dem Risikomanagement zukommt:<\/p>\n<ul>\n<li>Jede Unsicherheit und jedes Risiko kann zu weiteren Risiken und damit Verz\u00f6gerungen f\u00fchren. Diese gef\u00e4hrden das Erreichen der gesetzten Ziele und den erfolgreichen Abschluss des gesamten Projekts.<\/li>\n<li>F\u00fcr ein erfolgreiches Projekt ist es n\u00f6tig Risiken fr\u00fchzeitig zu erkennen, zu vermeiden oder zu reduzieren und diese zu \u00fcberwachen.<\/li>\n<\/ul>\n<p>Eine Success Driver Analysis stellt den unkomplizierten Weg dar, um Risiken fr\u00fchzeitig zu erkennen und damit besseren \u00dcberblick \u00fcber Zeit, Kosten und Qualit\u00e4t zu erhalten.<br \/>\nMit einer Success Driver Analysis unterst\u00fctzen wir Sie beim Erf\u00fcllen Ihrer Projektziele und stellen mit Ihnen sicher, dass Ihr Projekt auf Erfolgskurs ist.<\/p>\n<h2>Was ist eine Success Driver Analysis?<\/h2>\n<p>Eine Success Driver Analysis oder Erfolgsfaktorenanalyse ist eine systematische, methodenorientierte Vorgehensweise des Risikomanagements. Sie macht es m\u00f6glich, durch Befragung von Schl\u00fcsselpersonen einen raschen Gesamteindruck \u00fcber den Status bzw. die Auspr\u00e4gung der Erfolgsfaktoren eines Projektes oder Programmes zu erhalten.<\/p>\n<h2>Worin liegen die St\u00e4rken der Success Driver Analysis?<\/h2>\n<ul>\n<li>Erprobte Methode durch SEI<\/li>\n<li>Schnelle Durchf\u00fchrung<\/li>\n<li>Verfahren, das auf Selbstbewertung durch Schl\u00fcsselpersonen (keine Fremdbewertung) beruht<\/li>\n<li>Einsetzbar \u00fcber gesamten Life Cycle und gesamte Supply Chain<\/li>\n<li>Geeignet f\u00fcr Multi-System- bzw. Multi-Enterprise-Umgebungen<\/li>\n<li>Pr\u00e4zise, unkompliziert und erfolgsorientiert<\/li>\n<\/ul>\n<p><a title=\"Business and Requirements Engineering Lehrgang  Februar 2014\" href=\"http:\/\/itq.ch\/pdf\/SDA_Flyer_V1.2ewa.pdf\" target=\"_blank\" rel=\"noopener\">Hier erhalten Sie unseren Flyer zur SDA<\/a><\/p>\n<h2>Improving Risk Management Practices\u00a0with Success Driver Analysis<\/h2>\n<p class=\"gde-text\"><a href=\"https:\/\/itq.ch\/wp-content\/uploads\/2025\/09\/20120426RM-mit-SDA_long_V12ewa.ppt.pdf\" class=\"gde-link\">Download (PDF, 4.16MB)<\/a><\/p>\n<iframe src=\"\/\/docs.google.com\/viewer?url=https%3A%2F%2Fitq.ch%2Fwp-content%2Fuploads%2F2025%2F09%2F20120426RM-mit-SDA_long_V12ewa.ppt.pdf&hl=de&embedded=true\" class=\"gde-frame\" style=\"width:100%; height:500px; border: none;\" scrolling=\"no\"><\/iframe>\n","protected":false},"excerpt":{"rendered":"<p>Success Driver Analysis (SDA)\u00a0f\u00fcr Organisations- und Informatikprojekte Mit zunehmender Gr\u00f6sse und Komplexit\u00e4t von Projekten und Programmen tauchen vermehrt Unsicherheiten auf dem Weg zum Ziel auf. Damit w\u00e4chst auch die Bedeutung, die dem Risikomanagement zukommt: Jede Unsicherheit und jedes Risiko kann &hellip; <a href=\"https:\/\/itq.ch\/?page_id=26\">Weiterlesen <span class=\"meta-nav\">&rarr;<\/span><\/a><\/p>\n","protected":false},"author":1,"featured_media":0,"parent":24,"menu_order":0,"comment_status":"closed","ping_status":"open","template":"","meta":{"footnotes":""},"class_list":["post-26","page","type-page","status-publish","hentry"],"_links":{"self":[{"href":"https:\/\/itq.ch\/index.php?rest_route=\/wp\/v2\/pages\/26","targetHints":{"allow":["GET"]}}],"collection":[{"href":"https:\/\/itq.ch\/index.php?rest_route=\/wp\/v2\/pages"}],"about":[{"href":"https:\/\/itq.ch\/index.php?rest_route=\/wp\/v2\/types\/page"}],"author":[{"embeddable":true,"href":"https:\/\/itq.ch\/index.php?rest_route=\/wp\/v2\/users\/1"}],"replies":[{"embeddable":true,"href":"https:\/\/itq.ch\/index.php?rest_route=%2Fwp%2Fv2%2Fcomments&post=26"}],"version-history":[{"count":3,"href":"https:\/\/itq.ch\/index.php?rest_route=\/wp\/v2\/pages\/26\/revisions"}],"predecessor-version":[{"id":526,"href":"https:\/\/itq.ch\/index.php?rest_route=\/wp\/v2\/pages\/26\/revisions\/526"}],"up":[{"embeddable":true,"href":"https:\/\/itq.ch\/index.php?rest_route=\/wp\/v2\/pages\/24"}],"wp:attachment":[{"href":"https:\/\/itq.ch\/index.php?rest_route=%2Fwp%2Fv2%2Fmedia&parent=26"}],"curies":[{"name":"wp","href":"https:\/\/api.w.org\/{rel}","templated":true}]}}