{"id":34,"date":"2013-08-15T23:58:54","date_gmt":"2013-08-15T23:58:54","guid":{"rendered":"http:\/\/itq.ch\/?page_id=34"},"modified":"2016-02-16T00:43:56","modified_gmt":"2016-02-16T00:43:56","slug":"enterprise-spice","status":"publish","type":"page","link":"https:\/\/itq.ch\/?page_id=34","title":{"rendered":"Enterprise SPICE"},"content":{"rendered":"<p><strong>Wir m\u00fcssen dar\u00fcber nachdenken, wie zwischen externen Audits eine kontinuierliche Verbesserung von Prozessen m\u00f6glich ist!<\/strong><\/p>\n<p><img loading=\"lazy\" decoding=\"async\" alt=\"\" src=\"\/images\/espice_shad.jpg\" width=\"224\" height=\"124\" \/><\/p>\n<p>Die Zielsetzung von Enterprise SPICE ist die interne Verbesserung,<br \/>\nkoordiniert durch eine f\u00fcr das Qualit\u00e4tsmanagement verantwortliche Person,<br \/>\ndie unters\u00fctzt wird durch eine\/-n erfahrene\/-n Gutachter\/-in und Revisor\/-in.<\/p>\n<p>Somit f\u00f6rdert Enterprise SPICE die qualitative Standfestigkeit des Unternehmens<br \/>\nund die Verbesserung von externen Gesch\u00e4ftsprozessen.<\/p>\n<p>Deshalb wird Enterprise SPICE kontinuierlich evaluiert im Hinblick auf eine optimale Anwendbarkeit.<\/p>\n<p><strong>Die derzeitige Architektur von Enterprise SPICE:<\/strong><\/p>\n<p><img loading=\"lazy\" decoding=\"async\" alt=\"\" src=\"\/images\/espice-architecture_small.jpg\" width=\"702\" height=\"469\" \/><\/p>\n<p><strong>&#8220;First experiences show that Enterprise SPICE offers a great variety of improvement possibilities!&#8221;<\/strong><\/p>\n","protected":false},"excerpt":{"rendered":"<p>Wir m\u00fcssen dar\u00fcber nachdenken, wie zwischen externen Audits eine kontinuierliche Verbesserung von Prozessen m\u00f6glich ist! Die Zielsetzung von Enterprise SPICE ist die interne Verbesserung, koordiniert durch eine f\u00fcr das Qualit\u00e4tsmanagement verantwortliche Person, die unters\u00fctzt wird durch eine\/-n erfahrene\/-n Gutachter\/-in und &hellip; <a href=\"https:\/\/itq.ch\/?page_id=34\">Weiterlesen <span class=\"meta-nav\">&rarr;<\/span><\/a><\/p>\n","protected":false},"author":1,"featured_media":0,"parent":32,"menu_order":0,"comment_status":"closed","ping_status":"open","template":"","meta":{"footnotes":""},"class_list":["post-34","page","type-page","status-publish","hentry"],"_links":{"self":[{"href":"https:\/\/itq.ch\/index.php?rest_route=\/wp\/v2\/pages\/34","targetHints":{"allow":["GET"]}}],"collection":[{"href":"https:\/\/itq.ch\/index.php?rest_route=\/wp\/v2\/pages"}],"about":[{"href":"https:\/\/itq.ch\/index.php?rest_route=\/wp\/v2\/types\/page"}],"author":[{"embeddable":true,"href":"https:\/\/itq.ch\/index.php?rest_route=\/wp\/v2\/users\/1"}],"replies":[{"embeddable":true,"href":"https:\/\/itq.ch\/index.php?rest_route=%2Fwp%2Fv2%2Fcomments&post=34"}],"version-history":[{"count":2,"href":"https:\/\/itq.ch\/index.php?rest_route=\/wp\/v2\/pages\/34\/revisions"}],"predecessor-version":[{"id":414,"href":"https:\/\/itq.ch\/index.php?rest_route=\/wp\/v2\/pages\/34\/revisions\/414"}],"up":[{"embeddable":true,"href":"https:\/\/itq.ch\/index.php?rest_route=\/wp\/v2\/pages\/32"}],"wp:attachment":[{"href":"https:\/\/itq.ch\/index.php?rest_route=%2Fwp%2Fv2%2Fmedia&parent=34"}],"curies":[{"name":"wp","href":"https:\/\/api.w.org\/{rel}","templated":true}]}}