{"id":52,"date":"2013-08-16T00:04:46","date_gmt":"2013-08-16T00:04:46","guid":{"rendered":"http:\/\/itq.ch\/?page_id=52"},"modified":"2016-02-16T00:42:51","modified_gmt":"2016-02-16T00:42:51","slug":"about","status":"publish","type":"page","link":"https:\/\/itq.ch\/?page_id=52","title":{"rendered":"About"},"content":{"rendered":"<div class=\"ezcol ezcol-one-third\">\nWir orientieren uns an folgenden Beratungsgrunds\u00e4tzen:<\/p>\n<ol>\n<li>Konsequente Kundenorientierung<\/li>\n<li>Fokus auf Wertsch\u00f6pfung<\/li>\n<li>Zielorientiertes Handeln<\/li>\n<li>Der Mensch steht im Mittelpunkt<\/li>\n<li>Teamarbeit<\/li>\n<li>Lernprozesse und Kernprozesse<\/li>\n<li>Evolution statt Revolution<\/li>\n<li>Vertrauenskultur statt Misstrauen<\/li>\n<li>Hilfe zur Selbsthilfe<\/li>\n<li>Chancen erkennen und umsetzen<\/li>\n<\/ol>\n<\/div>\u00a0<div class=\"ezcol ezcol-two-third ezcol-last\"><img decoding=\"async\" src=\"\/images\/philo2.gif\" \/><\/div><div class=\"ezcol-divider\"><\/div>\n<p>Systemische Beratung f\u00f6rdert auf faszinierende Art Einsichten in Muster, nach denen Unternehmen \u00bbwirklich\u00ab funktionieren. Sie erweitert und bereichert den durch die Alltags-Routine eingeengten Blick um wesentliche neue Aspekte.<\/p>\n<p>Gleicherma\u00dfen wird der Fokus auf die Menschen im Unternehmen, auf die Kunden und auf die Unternehmens-Strukturen gerichtet. Systemische Beratung erschlie\u00dft damit auch die verborgenen Sch\u00e4tze bei Management und Mitarbeitern.<\/p>\n<p>Systemische Beratung liefert Denk- und Handlungs-Werkzeuge &#8211; ohne dogmatischen Anspruch &#8211; und erweitert Ihre F\u00fchrungs- und Steuerungs-Kompetenz.<\/p>\n<p>Als Parter in Sachen systemische Organisationsver\u00e4nderung arbeiten wir mit der Beratergruppe neuwaldegg zusammen.<\/p>\n<p>Unsere St\u00e4rke ist die effiziente, methodische Beratung nach dem Motto &#8220;soviel wie n\u00f6tig&#8221; und &#8220;Bef\u00e4higung unserer Kunden&#8221;. Ausgangspunkt unserer Dienstleistungen sind Analysen und Bewertungen (Audit, Assessment, Gutachten), die zum intelligenten Design von partizipativen L\u00f6sungen mit unseren Kunden f\u00fchren. Ihre L\u00f6sungen werden \u00fcber gef\u00fchrte Ver\u00e4nderungen und Innovationen implementiert. Diese bedingen Innovations- und Change Management.<\/p>\n<p>Was sind die Erfolgsfaktoren f\u00fcr Ver\u00e4nderungen und Innovationen?<br \/>\nEs sind klare Ziele, strukturiertes Vorgehen, ausreichende Ressourcen und Sponsoren mit einem expliziten Commitment. Sie gestalten mit uns die Erfolgsfaktoren. Die Erfolgschancen Ihres Ver\u00e4nderungs- oder Innovationsvorhabens k\u00f6nnen mit unserer Methode bewertet, gesteuert und verbessert werden.<\/p>\n<p>Ver\u00e4nderungen kennzeichnen unsere Welt und die Situation in vielen unserer Arbeitsfelder. Ob es Ver\u00e4nderungen erster Ordnung bleiben, die alles beim alten belassen, oder ob Ver\u00e4nderungen wirkliche Lern- und Entwicklungsprozesse ansto\u00dfen, erweist sich erst im nachhinein. Das gilt f\u00fcr globale Prozesse wie auch f\u00fcr den Wandel in kleinen Systemen. Wir verwenden bei unseren Ver\u00e4ndrungs- und Beratungsprojekten Vorgehensweisen und Techniken des Systemischen Beratungsansatzes.<\/p>\n<p>&nbsp;<\/p>\n","protected":false},"excerpt":{"rendered":"<p>\u00a0 Systemische Beratung f\u00f6rdert auf faszinierende Art Einsichten in Muster, nach denen Unternehmen \u00bbwirklich\u00ab funktionieren. Sie erweitert und bereichert den durch die Alltags-Routine eingeengten Blick um wesentliche neue Aspekte. Gleicherma\u00dfen wird der Fokus auf die Menschen im Unternehmen, auf die &hellip; <a href=\"https:\/\/itq.ch\/?page_id=52\">Weiterlesen <span class=\"meta-nav\">&rarr;<\/span><\/a><\/p>\n","protected":false},"author":1,"featured_media":0,"parent":0,"menu_order":0,"comment_status":"closed","ping_status":"open","template":"","meta":{"footnotes":""},"class_list":["post-52","page","type-page","status-publish","hentry"],"_links":{"self":[{"href":"https:\/\/itq.ch\/index.php?rest_route=\/wp\/v2\/pages\/52","targetHints":{"allow":["GET"]}}],"collection":[{"href":"https:\/\/itq.ch\/index.php?rest_route=\/wp\/v2\/pages"}],"about":[{"href":"https:\/\/itq.ch\/index.php?rest_route=\/wp\/v2\/types\/page"}],"author":[{"embeddable":true,"href":"https:\/\/itq.ch\/index.php?rest_route=\/wp\/v2\/users\/1"}],"replies":[{"embeddable":true,"href":"https:\/\/itq.ch\/index.php?rest_route=%2Fwp%2Fv2%2Fcomments&post=52"}],"version-history":[{"count":5,"href":"https:\/\/itq.ch\/index.php?rest_route=\/wp\/v2\/pages\/52\/revisions"}],"predecessor-version":[{"id":413,"href":"https:\/\/itq.ch\/index.php?rest_route=\/wp\/v2\/pages\/52\/revisions\/413"}],"wp:attachment":[{"href":"https:\/\/itq.ch\/index.php?rest_route=%2Fwp%2Fv2%2Fmedia&parent=52"}],"curies":[{"name":"wp","href":"https:\/\/api.w.org\/{rel}","templated":true}]}}