{"id":56,"date":"2013-08-16T00:05:32","date_gmt":"2013-08-16T00:05:32","guid":{"rendered":"http:\/\/itq.ch\/?page_id=56"},"modified":"2021-02-23T14:35:57","modified_gmt":"2021-02-23T14:35:57","slug":"deutschland","status":"publish","type":"page","link":"https:\/\/itq.ch\/?page_id=56","title":{"rendered":"Deutschland"},"content":{"rendered":"<p><img loading=\"lazy\" decoding=\"async\" src=\"\/images\/kaminski_klein.jpg\" alt=\"\" width=\"200\" height=\"257\" \/><\/p>\n<p><i>Prof. Dipl. Ing. Fred Kaminski<\/i><\/p>\n<p>Fred Kaminski Erfahrung im Qualit\u00e4tsmanagement und der systematischen Entwicklung reicht mehr als 15 Jahre zur\u00fcck. \u00a0Nach seinem Maschinenbau Studium arbeitete er als Berater bei verschiedenen Unternehmen in Europa und Asien im Feld des System Engineering und der Prozess Verbesserung. Er ist Advisory Board Mitglied in der \u00a0Enterprise Spice Entwicklung und au\u00dferdem Principal Spice Assessor nach ISO 15504 und Automotive Spice. Neben seinen umfangreichen Arbeiten, auch z.B. f\u00fcr funktionale Sicherheit unterrichtet er an der zwei Berliner Hochschulen Qualit\u00e4tsmanagement, Statistik und System Engineering. (Siehe auch:\u00a0<a href=\"http:\/\/mbae.htw-berlin.de\/staff.html\" target=\"Hauptframe\" rel=\"noopener noreferrer\">http:\/\/mbae.htw-berlin.de\/staff.html<\/a>)<\/p>\n<p>Beruflicher Werdegang:<\/p>\n<ul>\n<li>Dozent f\u00fcr Qualit\u00e4tsmanagement an der Beuth Hochschule f\u00fcr Technik<\/li>\n<li>Gesch\u00e4ftsf\u00fchrer des Unternehmens\u00a0<a href=\"http:\/\/collossus.de\" target=\"Hauptframe\" rel=\"noopener noreferrer\">Colossus Consulting<\/a><\/li>\n<\/ul>\n<p>Dienstleistungen:<\/p>\n<ul>\n<li>Identifizieren und Einf\u00fchren von Ma\u00dfnahmen zur Verbesserung von Entwicklungsprozessen und quervernetzten Strukturen<\/li>\n<li>Unternehmenswirksames Optimieren von relevanten Gesch\u00e4ftsprozessen, die zur Entwicklung beitragen, speziell Software Entwicklung<\/li>\n<li>Auslegen und durchg\u00e4ngiges Realisieren intelligenter und integrierter Managementsysteme f\u00fcr Qualit\u00e4t, Leistung, Kosten, etc.<\/li>\n<li>Betriebswirtschaftliche Untersuchungen\u00a0zur Steigerung der Wertsch\u00f6pfung<\/li>\n<li>Coaching von Mitarbeitern im betrieblichen Umfeld zur Entfaltung Ihrer pers\u00f6nlichen F\u00e4higkeiten und Wirkung<\/li>\n<\/ul>\n<p>Rolle:<\/p>\n<ul>\n<li>Gesch\u00e4ftspartner der Qualit\u00e4t &amp; Informatik Deutschland<\/li>\n<\/ul>\n<p align=\"left\"><img loading=\"lazy\" decoding=\"async\" src=\"\/images\/daschner.jpg\" alt=\"\" width=\"200\" height=\"246\" \/><\/p>\n<p><i>Wolfgang Daschner<\/i><\/p>\n<p>Beruflicher Werdegang:<\/p>\n<ul>\n<li>Senior-Berater im Umfeld Projekt- , Qualit\u00e4ts- und Prozess-Management<\/li>\n<li>Seit 1977 in der Softwareentwicklung in leitender Linien- und Projektfunktion sowie im Projekt- und Qualit\u00e4tsmanagement wie z.B. MBB\/DASA, SysScan, Digital Equipment<\/li>\n<li>Studium an der Technischen Universit\u00e4t M\u00fcnchen im Fach Mathematik \/ Informatik<\/li>\n<\/ul>\n<p>Dienstleistungen:<\/p>\n<ul>\n<li>Konzipierung und Einf\u00fchrung von Vorgehensmodellen und Methoden<\/li>\n<li>Prozessanalyse und -verbesserung in IT-Unternehmen und IT-Abteilungen (CMM, SPICE)<\/li>\n<li>Schulung und Beratung in den Feldern Projektmanagement, Risikomanagement, Konfigurationsmanagement, Qualit\u00e4tssicherung<\/li>\n<li>Coaching von Projektmanagern bei Setup, Planung und Steuerung von Projekten<\/li>\n<li>Konzipierung, Planung und Durchf\u00fchrung von QS-Massnahmen in Projekten<\/li>\n<li>Konzipierung und Einf\u00fchrung von ISO9000-zertifizierungsf\u00e4higen Qualit\u00e4tsmanagementsystemen (insbesondere im EDV- und im Dienstleistungsbereich)<\/li>\n<li>Auditierung von IT-Unternehmen und IT-Abteilungen nach ISO9000 (akkreditierter T\u00dcV-Cert-Auditor)<\/li>\n<\/ul>\n<p>Rolle:<\/p>\n<ul>\n<li>Manager und Senior-Berater von Qualit\u00e4t &amp; Informatik Deutschland, M\u00fcnchen<\/li>\n<\/ul>\n","protected":false},"excerpt":{"rendered":"<p>Prof. Dipl. Ing. Fred Kaminski Fred Kaminski Erfahrung im Qualit\u00e4tsmanagement und der systematischen Entwicklung reicht mehr als 15 Jahre zur\u00fcck. \u00a0Nach seinem Maschinenbau Studium arbeitete er als Berater bei verschiedenen Unternehmen in Europa und Asien im Feld des System Engineering &hellip; <a href=\"https:\/\/itq.ch\/?page_id=56\">Weiterlesen <span class=\"meta-nav\">&rarr;<\/span><\/a><\/p>\n","protected":false},"author":1,"featured_media":0,"parent":54,"menu_order":0,"comment_status":"closed","ping_status":"open","template":"","meta":{"footnotes":""},"class_list":["post-56","page","type-page","status-publish","hentry"],"_links":{"self":[{"href":"https:\/\/itq.ch\/index.php?rest_route=\/wp\/v2\/pages\/56","targetHints":{"allow":["GET"]}}],"collection":[{"href":"https:\/\/itq.ch\/index.php?rest_route=\/wp\/v2\/pages"}],"about":[{"href":"https:\/\/itq.ch\/index.php?rest_route=\/wp\/v2\/types\/page"}],"author":[{"embeddable":true,"href":"https:\/\/itq.ch\/index.php?rest_route=\/wp\/v2\/users\/1"}],"replies":[{"embeddable":true,"href":"https:\/\/itq.ch\/index.php?rest_route=%2Fwp%2Fv2%2Fcomments&post=56"}],"version-history":[{"count":3,"href":"https:\/\/itq.ch\/index.php?rest_route=\/wp\/v2\/pages\/56\/revisions"}],"predecessor-version":[{"id":493,"href":"https:\/\/itq.ch\/index.php?rest_route=\/wp\/v2\/pages\/56\/revisions\/493"}],"up":[{"embeddable":true,"href":"https:\/\/itq.ch\/index.php?rest_route=\/wp\/v2\/pages\/54"}],"wp:attachment":[{"href":"https:\/\/itq.ch\/index.php?rest_route=%2Fwp%2Fv2%2Fmedia&parent=56"}],"curies":[{"name":"wp","href":"https:\/\/api.w.org\/{rel}","templated":true}]}}