{"id":64,"date":"2013-08-16T00:07:30","date_gmt":"2013-08-16T00:07:30","guid":{"rendered":"http:\/\/itq.ch\/?page_id=64"},"modified":"2020-11-28T18:24:19","modified_gmt":"2020-11-28T18:24:19","slug":"kontakt","status":"publish","type":"page","link":"https:\/\/itq.ch\/?page_id=64","title":{"rendered":"Kontakt"},"content":{"rendered":"<h2>Qualit\u00e4t &amp; Informatik<\/h2>\n<p><strong>Dr. Ernest Wallm\u00fcller<\/strong><\/p>\n<p>Mob.: +41 79 402 44 11<br \/>\nEmail: wallmueller@itq.ch<br \/>\nSkype: ernest.wallmueller<\/p>\n<p><a href=\"https:\/\/www.xing.com\/profile\/Ernest_Wallmueller\" target=\"Hauptframe\" rel=\"noopener noreferrer\"><img loading=\"lazy\" decoding=\"async\" src=\"\/images\/xing.png\" alt=\"\" width=\"89\" height=\"60\" border=\"0\" \/><\/a><a href=\"http:\/\/ch.linkedin.com\/pub\/ernest-wallmueller\/0\/80a\/79b\" target=\"_blank\" rel=\"noopener noreferrer\"><img loading=\"lazy\" decoding=\"async\" src=\"\/images\/linkedin.png\" alt=\"\" width=\"120\" height=\"59\" border=\"0\" \/><\/a><\/p>\n<p style=\"text-align: center;\">Ihre Anfrage nehmen wir nat\u00fcrlich auch gerne per Mail entgegen<\/p>\n","protected":false},"excerpt":{"rendered":"<p>Qualit\u00e4t &amp; Informatik Dr. Ernest Wallm\u00fcller Mob.: +41 79 402 44 11 Email: wallmueller@itq.ch Skype: ernest.wallmueller Ihre Anfrage nehmen wir nat\u00fcrlich auch gerne per Mail entgegen<\/p>\n","protected":false},"author":1,"featured_media":0,"parent":0,"menu_order":0,"comment_status":"closed","ping_status":"open","template":"","meta":{"footnotes":""},"class_list":["post-64","page","type-page","status-publish","hentry"],"_links":{"self":[{"href":"https:\/\/itq.ch\/index.php?rest_route=\/wp\/v2\/pages\/64","targetHints":{"allow":["GET"]}}],"collection":[{"href":"https:\/\/itq.ch\/index.php?rest_route=\/wp\/v2\/pages"}],"about":[{"href":"https:\/\/itq.ch\/index.php?rest_route=\/wp\/v2\/types\/page"}],"author":[{"embeddable":true,"href":"https:\/\/itq.ch\/index.php?rest_route=\/wp\/v2\/users\/1"}],"replies":[{"embeddable":true,"href":"https:\/\/itq.ch\/index.php?rest_route=%2Fwp%2Fv2%2Fcomments&post=64"}],"version-history":[{"count":11,"href":"https:\/\/itq.ch\/index.php?rest_route=\/wp\/v2\/pages\/64\/revisions"}],"predecessor-version":[{"id":479,"href":"https:\/\/itq.ch\/index.php?rest_route=\/wp\/v2\/pages\/64\/revisions\/479"}],"wp:attachment":[{"href":"https:\/\/itq.ch\/index.php?rest_route=%2Fwp%2Fv2%2Fmedia&parent=64"}],"curies":[{"name":"wp","href":"https:\/\/api.w.org\/{rel}","templated":true}]}}